{"id":236,"date":"2015-07-29T21:36:49","date_gmt":"2015-07-29T11:36:49","guid":{"rendered":"http:\/\/coppergate.com.au\/archive\/?page_id=236"},"modified":"2020-07-18T18:54:42","modified_gmt":"2020-07-18T08:54:42","slug":"nuntius","status":"publish","type":"page","link":"https:\/\/coppergate.com.au\/archive\/nuntius\/","title":{"rendered":"Nuntius"},"content":{"rendered":"<p><em>Nuntius<\/em> was the newsletter of the Tasmanian Viking Society. Visually appealing with illuminated borders and drop capitals, the articles were generally of high quality. The thing I remember most was a series of letters between Stephen Hande and myself spanning the better part of a year&#8217;s issues arguing about the accuracy of the food at the upcoming Glenfield Conferention (see the first half of 1991). It was only when we met that we found both of us had been exaggerating our claims somewhat in different ways and had really been arguing the same point as each other all along.<\/p>\n<p>They also has an annual magazine, <em>The Chronicle<\/em>, which was a top shelf production, as far as re-enactment magazines of the 1980s go. I&#8217;ve interspersed them as appropriate<\/p>\n<hr>\n<p style=\"text-align: center;\"><a title=\"1986\" href=\"#1986\">1986<\/a> | <a title=\"1989\" href=\"#1989\">1989<\/a> | <a title=\"1990\" href=\"#1990\">1990<\/a> | <a title=\"1991\" href=\"#1991\">1991<\/a><\/p>\n<h3><a name=\"1986\"><\/a>1986<\/h3>\n<table>\n<tbody>\n<tr>\n<td width=\"80%\"><strong>The Chronicle 1985-6<\/strong><br \/>\n1985-6 \u2014 The year as it was <em>by Stephen Hand<\/em><br \/>\nHere Lies Arthur&#8230; <em>by Keith Baker <\/em><br \/>\nThe Tactics, arms and Armour of Atilla&#8217;s Huns <em>by Tim O&#8217;Neill <\/em><br \/>\nShields and Greaves <em>by David Ilowski <\/em><br \/>\nThe Beastiary <em>by Graeme Anderson <\/em><br \/>\nChivalric Values of the Twelfth Century as displayed by the Song of Roland <em>by Stephen Hand <\/em><br \/>\nMedieval Warfare contributed <em>by Owen Walsh <\/em><br \/>\nIreland in the Middle Ages <em>by Graeme Anderson <\/em><br \/>\nThe Bodran<br \/>\nThe Currach<br \/>\nPampootie<br \/>\nA poem in Gothic <em>by Tim O&#8217;Neill <\/em><br \/>\nA Simple But Effective Belt Pouch <em>by Stephen Hand <\/em><br \/>\nOdin <em>by Richard Atkinson <\/em><br \/>\nThe Plague. . . <em>by Simon James <\/em><br \/>\nCurrent Members<\/td>\n<td><a href=\"https:\/\/coppergate.com.au\/archive\/?ddownload=1021\" title=\"Download\" rel=\"nofollow\" class=\"ddownload-button button-blue id-1021 ext-pdf\">Download<\/a><\/td>\n<\/tr>\n<\/tbody>\n<\/table>\n<h3><a name=\"1989\"><\/a>1989<\/h3>\n<table>\n<tbody>\n<tr>\n<td width=\"80%\"><strong>Nuntius February \/ March 1989<\/strong><br \/>\nAuthenticity in the MST<br \/>\nEditorial<br \/>\nWhat Happened in Albania<br \/>\nEuropean Contacts<br \/>\nTourney Report<br \/>\nA Recipe &#8211; Lorengue de Pouchins (Chook in Orange Sauce)<br \/>\nA Guide to Feasting<br \/>\nThe Art of Research<\/td>\n<td style=\"text-align: center;\"><a href=\"https:\/\/coppergate.com.au\/archive\/?ddownload=238\" title=\"Download\" rel=\"nofollow\" class=\"ddownload-button button-blue id-238 ext-pdf\">Download<\/a><\/td>\n<\/tr>\n<tr>\n<td><strong>Nuntius April \/ May 1989<\/strong><br \/>\nThe Assassins<br \/>\nEditorial<br \/>\nEarly Fourteenth Century Armour Making (Part One)<br \/>\nMay Day Report<br \/>\nConvention Report 1<br \/>\nConvention Report 2<br \/>\nConvention Report 3<br \/>\nNominations for Committee Positions \/ Notice of Althing<\/td>\n<td style=\"text-align: center;\"><a href=\"https:\/\/coppergate.com.au\/archive\/?ddownload=239\" title=\"Download\" rel=\"nofollow\" class=\"ddownload-button button-blue id-239 ext-pdf\">Download<\/a><\/td>\n<\/tr>\n<tr>\n<td><strong>Nuntius June \/ July 1989<\/strong><br \/>\nHistory of the Medieval Church Part 3 &#8211; Monasticism<br \/>\nThe Beer and Beowulf Evening<br \/>\nMedieval Spices and Ingredients<br \/>\nThe Althing Report<br \/>\nMedieval English Herbs<br \/>\nStorytelling Sources<br \/>\nEarly Fourteenth Century Armour Making<br \/>\nEditorial<br \/>\nClassifieds<\/td>\n<td style=\"text-align: center;\"><a href=\"https:\/\/coppergate.com.au\/archive\/?ddownload=240\" title=\"Download\" rel=\"nofollow\" class=\"ddownload-button button-blue id-240 ext-pdf\">Download<\/a><\/td>\n<\/tr>\n<tr>\n<td><strong>Nuntius August \/ September 1989<\/strong><br \/>\nThe Past is a Foreign Country; Some Thoughts on the Philosophy of Re-enactment<br \/>\nEditorial<br \/>\nCheese and Chaucer Report<br \/>\nEnglish Medieval Fabric Colours and Uses<br \/>\nMedieval Coins<br \/>\nMedieval Latrines<br \/>\nSydney Report<br \/>\nAdvice for Servants<br \/>\nFourteenth Century Women&#8217;s Costume<br \/>\nClassifieds<br \/>\nErrata<\/td>\n<td style=\"text-align: center;\"><a href=\"https:\/\/coppergate.com.au\/archive\/?ddownload=241\" title=\"Download\" rel=\"nofollow\" class=\"ddownload-button button-blue id-241 ext-pdf\">Download<\/a><\/td>\n<\/tr>\n<tr>\n<td><strong>Nuntius November \/ December 1989<\/strong><br \/>\nThe Use of Primary Source Material in Historical Research<br \/>\nCostume Policy<br \/>\nHistory of the Medieval Church Part Four: The Decline of the 9th and 10th Centuries<br \/>\nLetters to The Editor<br \/>\nEditorial<br \/>\nArmour Options c. 1315 Part 1<\/td>\n<td style=\"text-align: center;\"><a href=\"https:\/\/coppergate.com.au\/archive\/?ddownload=242\" title=\"Download\" rel=\"nofollow\" class=\"ddownload-button button-blue id-242 ext-pdf\">Download<\/a><\/td>\n<\/tr>\n<\/tbody>\n<\/table>\n<h3><a name=\"1990\"><\/a>1990<\/h3>\n<table>\n<tbody>\n<tr>\n<td width=\"80%\"><strong>Nuntius January \/ February \/ March 1990<\/strong><br \/>\nMedieval Herbs: Part One <em>by Naomi Parry<\/em><br \/>\nFeast Report <em> by Christine Williams<\/em><br \/>\nLetters to the Editor <em>by Wayne Robinson and Graeme Walker<\/em><br \/>\nEditorial <em>by Tim O&#8217;Neill<\/em><br \/>\nArmour Options c1315 &#8211; Part Two <em>by Steve Lowe<\/em><\/td>\n<td style=\"text-align: center;\"><a href=\"https:\/\/coppergate.com.au\/archive\/?ddownload=471\" title=\"Download\" rel=\"nofollow\" class=\"ddownload-button button-blue id-471 ext-pdf\">Download<\/a><\/td>\n<\/tr>\n<tr>\n<td width=\"80%\"><strong>Nuntius April \/ May 1990<\/strong><br \/>\nChristian Armies of the Spanish Reconquista <em>by Graeme Anderson<\/em><br \/>\nEditorial <em>by Tim O&#8217;Neill<\/em><br \/>\nA Note <em>by Stephen Lowe (Egfro\u00fe \u00fee Smoo\u00fe)<\/em><br \/>\nThe S C A Midwinter Investiture <em>by Tim O\u2019Neil<\/em><br \/>\nAn Open Letter to all Medieval in Australia <em>by Stephen Hand<\/em><br \/>\nDr Rod Thomson&#8217;s Talk <em>by Tim O\u2019Neil<\/em><br \/>\nTourney and Feast Report <em>by David Ilowski<\/em><br \/>\nCombat Team Meeting <em>by Tim O\u2019Neil<\/em><br \/>\n\u201cTerra et C\u00e6lum\u201d Report <em>by  Glenn Alldis<\/em><br \/>\nFor Sale<\/td>\n<td style=\"text-align: center;\"><a href=\"https:\/\/coppergate.com.au\/archive\/?ddownload=841\" title=\"Download\" rel=\"nofollow\" class=\"ddownload-button button-blue id-841 ext-pdf\">Download<\/a><\/td>\n<\/tr>\n<\/tbody>\n<\/table>\n<h3><a name=\"1991\"><\/a>1991<\/h3>\n<table>\n<tbody>\n<tr>\n<td width=\"80%\"><strong>Nuntius February 1991<\/strong><br \/>\nDecorative uses of Heraldry <em>by Keith Kennedy Tyson<\/em><br \/>\nA Reconstruction of a &#8220;Bayeux Tapestry&#8221; Kite Shield <em>by Graeme Anderson<\/em><br \/>\nEditorial<br \/>\nLetters to the Editor<br \/>\nLetters in reply to Stephen Hand&#8217;s Open Letter featuring Peter Radvan, Robert Ely, Pedro Maximus and Stephen&#8217;s reply to these and to Wayne and Glenda Robinson<br \/>\nMedieval Jewellery-Making; <em>The most important stones used and a summary of the main techniques, by Christine Williams<\/em><br \/>\nOur President Speaks; <em>Tim O&#8217;Neill introduces the new authenticity rules and explains their advantages and purpose for the uninitiated<\/em><\/td>\n<td style=\"text-align: center;\"><a href=\"https:\/\/coppergate.com.au\/archive\/?ddownload=457\" title=\"Download\" rel=\"nofollow\" class=\"ddownload-button button-blue id-457 ext-pdf\">Download<\/a><\/td>\n<\/tr>\n<tr>\n<td width=\"80%\"><strong>Nuntius July 1991<\/strong><br \/>\nEditorial<br \/>\nLetters to the Editor<br \/>\nLetters from the Editor<br \/>\nNews from Abroad<br \/>\nSchool Display<br \/>\nProblems with Sources <em>by Tim O&#8217;Neill<\/em><br \/>\nNot the AGM Feast <em>by Graeme Anderson<\/em><br \/>\nThe Annual General Meeting <em>by Christine Williams<\/em><br \/>\nThe President&#8217;s Last Word<br \/>\nComing Events<\/td>\n<td style=\"text-align: center;\"><a href=\"https:\/\/coppergate.com.au\/archive\/?ddownload=458\" title=\"Download\" rel=\"nofollow\" class=\"ddownload-button button-blue id-458 ext-pdf\">Download<\/a><\/td>\n<\/tr>\n<tr>\n<td width=\"80%\"><strong>Nuntius August 1991<\/strong><br \/>\nEditorial<br \/>\nLetters to the Editor<br \/>\nA Snippet by Graeme<br \/>\nConvention Report <em>by Stephen Hand<\/em><br \/>\nGermanic Board Games <em>by Tim O&#8217;Neill<\/em><br \/>\nMedieval Fire-lighting<br \/>\nThe Maldon Millenium <em>by Tim O&#8217;Neill<\/em><br \/>\nComing Events<\/td>\n<td style=\"text-align: center;\"><a href=\"https:\/\/coppergate.com.au\/archive\/?ddownload=459\" title=\"Download\" rel=\"nofollow\" class=\"ddownload-button button-blue id-459 ext-pdf\">Download<\/a><\/td>\n<\/tr>\n<tr>\n<td width=\"80%\"><strong>Nuntius September 1991<\/strong><br \/>\nEditorial<br \/>\nHumour<br \/>\nThe Lost Cry of the Baresark<br \/>\nNews<br \/>\nEarly Medieval Saddles <em>by Graeme Anderson<\/em><br \/>\nEditor&#8217;s Note <em>by Christine Williams<\/em><br \/>\nThe Baltic Crusades <em>by Tim O&#8217;Neill<\/em><br \/>\nClassifieds<br \/>\nWords from the President <em>by Tim O&#8217;Neill<\/em><br \/>\nComing Events<\/td>\n<td style=\"text-align: center;\"><a href=\"https:\/\/coppergate.com.au\/archive\/?ddownload=460\" title=\"Download\" rel=\"nofollow\" class=\"ddownload-button button-blue id-460 ext-pdf\">Download<\/a><\/td>\n<\/tr>\n<tr>\n<td width=\"80%\"><strong>Nuntius November December 1991<\/strong><br \/>\nEditorial<br \/>\nMore on Kite Shields <em>by Graeme Anderson<\/em><br \/>\nA Tentative Reconstruction of the Benty Grange Helmet <em>by Steve Lowe Port Hedland Garrison, NVG<\/em><br \/>\nMedieval Swordplay: The Iconographical Evidence <em>Tim O&#8217;Neill<\/em><br \/>\nFrom the Armarium: R. Kieckhefer, <em>Magic in the Middle Ages<\/em> (Cambridge Medieval Textbooks: C.U.P.,1989); P. Binski, <em>Medieval Craftsmen: Painters<\/em> (British Museum Press: London, 1991); J.D. Clare, <em>I Was There:Vikings (Random House: Sydney, 1991)<\/em> <em> reviews by Stultus<\/em><br \/>\nMaldon Field Day Report <em>by Tim O&#8217;Neill<\/em><br \/>\nClassifieds<br \/>\nComing Events<\/td>\n<td style=\"text-align: center;\"><a href=\"https:\/\/coppergate.com.au\/archive\/?ddownload=461\" title=\"Download\" rel=\"nofollow\" class=\"ddownload-button button-blue id-461 ext-pdf\">Download<\/a><\/td>\n<\/tr>\n<\/tbody>\n<\/table>\n","protected":false},"excerpt":{"rendered":"<p>Nuntius was the newsletter of the Tasmanian Viking Society. Visually appealing with illuminated borders and drop capitals, the articles were generally of high quality. The thing I remember most was a series of letters between Stephen Hande and myself spanning the better part of a year&#8217;s issues arguing about the accuracy of the food at &hellip; <a href=\"https:\/\/coppergate.com.au\/archive\/nuntius\/\" class=\"more-link\">Continue reading<span class=\"screen-reader-text\"> &#8220;Nuntius&#8221;<\/span><\/a><\/p>\n","protected":false},"author":1,"featured_media":0,"parent":0,"menu_order":0,"comment_status":"closed","ping_status":"closed","template":"","meta":{"footnotes":""},"class_list":["post-236","page","type-page","status-publish","hentry"],"_links":{"self":[{"href":"https:\/\/coppergate.com.au\/archive\/wp-json\/wp\/v2\/pages\/236","targetHints":{"allow":["GET"]}}],"collection":[{"href":"https:\/\/coppergate.com.au\/archive\/wp-json\/wp\/v2\/pages"}],"about":[{"href":"https:\/\/coppergate.com.au\/archive\/wp-json\/wp\/v2\/types\/page"}],"author":[{"embeddable":true,"href":"https:\/\/coppergate.com.au\/archive\/wp-json\/wp\/v2\/users\/1"}],"replies":[{"embeddable":true,"href":"https:\/\/coppergate.com.au\/archive\/wp-json\/wp\/v2\/comments?post=236"}],"version-history":[{"count":0,"href":"https:\/\/coppergate.com.au\/archive\/wp-json\/wp\/v2\/pages\/236\/revisions"}],"wp:attachment":[{"href":"https:\/\/coppergate.com.au\/archive\/wp-json\/wp\/v2\/media?parent=236"}],"curies":[{"name":"wp","href":"https:\/\/api.w.org\/{rel}","templated":true}]}}